{"id":9950,"date":"2023-07-30T00:51:43","date_gmt":"2023-07-30T00:51:43","guid":{"rendered":"https:\/\/kastglass.ch\/?page_id=9792"},"modified":"2023-08-11T12:39:49","modified_gmt":"2023-08-11T12:39:49","slug":"prestations","status":"publish","type":"page","link":"https:\/\/kastglass.ch\/fr\/prestations\/","title":{"rendered":"Prestations"},"content":{"rendered":"<div class=\"wpb-content-wrapper\"><p>[vc_row][vc_column][vc_column_text]<\/p>\n<h4>Votre premi\u00e8re destination pour les fen\u00eatres en plastique, en bois et en aluminium\u00a0!<\/h4>\n<p>Chez <strong>KastGlass<\/strong>, nous sommes extr\u00eamement fiers d&#8217;offrir une large gamme de services de fen\u00eatres qui r\u00e9pondent \u00e0 tous vos besoins, des fen\u00eatres en plastique aux fen\u00eatres en bois et en aluminium. En tant que fournisseur de confiance et fiable dans l&#8217;industrie, nous fournissons des produits de qualit\u00e9 sup\u00e9rieure et des services exceptionnels \u00e0 nos pr\u00e9cieux clients depuis 1999. Avec un engagement ind\u00e9fectible envers l&#8217;artisanat, la durabilit\u00e9 et la satisfaction du client, nous avons acquis une r\u00e9putation de choix pr\u00e9f\u00e9r\u00e9. pour toutes vos solutions de fen\u00eatres.<\/p>\n<h6>Fen\u00eatres en plastique :<\/h6>\n<p>Nos fen\u00eatres en plastique combinent une esth\u00e9tique moderne avec une fonctionnalit\u00e9 exceptionnelle. Fabriqu\u00e9es \u00e0 partir de mat\u00e9riaux de qualit\u00e9 sup\u00e9rieure, nos fen\u00eatres en plastique offrent une excellente efficacit\u00e9 \u00e9nerg\u00e9tique, une r\u00e9duction du bruit et de faibles besoins d&#8217;entretien. Que vous pr\u00e9f\u00e9riez les fen\u00eatres \u00e0 battants, oscillo-battantes ou coulissantes en plastique, nous avons une s\u00e9lection vari\u00e9e pour convenir \u00e0 votre style et am\u00e9liorer l&#8217;apparence g\u00e9n\u00e9rale de votre espace.<\/p>\n<h6>Fen\u00eatres en bois :<\/h6>\n<p>D\u00e9couvrez le charme intemporel des fen\u00eatres en bois avec notre gamme exquise de cadres en bois. Fabriqu\u00e9es \u00e0 partir de bois durable et de haute qualit\u00e9, nos fen\u00eatres respirent l&#8217;\u00e9l\u00e9gance et ajoutent une touche de beaut\u00e9 naturelle \u00e0 votre maison. Choisissez parmi diverses essences de bois, teintures et finitions pour cr\u00e9er l&#8217;ambiance parfaite qui compl\u00e8te votre d\u00e9cor int\u00e9rieur. Nos artisans qualifi\u00e9s assurent un savoir-faire pr\u00e9cis, vous offrant des fen\u00eatres en bois durables et efficaces qui r\u00e9sistent \u00e0 l&#8217;\u00e9preuve du temps.<\/p>\n<h6>Fen\u00eatres en aluminium :<\/h6>\n<p>Pour un look \u00e9pur\u00e9 et contemporain, nos fen\u00eatres en aluminium sont un excellent choix. Fabriqu\u00e9es \u00e0 partir de profil\u00e9s en aluminium robustes, ces fen\u00eatres offrent une r\u00e9sistance et une durabilit\u00e9 exceptionnelles et un entretien minimal. Que vous d\u00e9siriez des fen\u00eatres \u00e0 battants, coulissantes ou \u00e0 auvent en aluminium, nous avons une vaste gamme pour r\u00e9pondre \u00e0 vos pr\u00e9f\u00e9rences. Avec nos fen\u00eatres en aluminium, profitez du m\u00e9lange parfait d&#8217;esth\u00e9tique moderne et de performances exceptionnelles, am\u00e9liorant \u00e0 la fois l&#8217;attrait visuel et l&#8217;efficacit\u00e9 \u00e9nerg\u00e9tique de votre propri\u00e9t\u00e9.<\/p>\n<h6>Rampe d&#8217;escalier\u00a0:<\/h6>\n<p>En r\u00e9sum\u00e9, les rampes d&#8217;escalier en verre, en m\u00e9tal, en inox et en aluminium offrent chacune des caract\u00e9ristiques uniques, permettant aux propri\u00e9taires et aux concepteurs de choisir le style qui compl\u00e8te le mieux leurs espaces int\u00e9rieurs ou ext\u00e9rieurs. La s\u00e9lection peut d\u00e9pendre de facteurs tels que l&#8217;esth\u00e9tique, les exigences d&#8217;entretien, la durabilit\u00e9 et le th\u00e8me de conception g\u00e9n\u00e9ral de l&#8217;espace (En savoir plus).<\/p>\n<h6>Options de personnalisation\u00a0:<\/h6>\n<p>Nous comprenons que chaque propri\u00e9t\u00e9 est unique et notre d\u00e9vouement \u00e0 r\u00e9pondre \u00e0 vos exigences sp\u00e9cifiques nous pousse \u00e0 offrir des options de personnalisation pour toutes nos fen\u00eatres. De la taille et du style \u00e0 la couleur et \u00e0 la finition, nous adaptons chaque fen\u00eatre \u00e0 votre go\u00fbt, assurant une int\u00e9gration parfaite avec l&#8217;architecture et le d\u00e9cor de votre maison.<\/p>\n<h6>Pose professionnelle :<\/h6>\n<p>Notre \u00e9quipe d&#8217;installateurs experts s&#8217;assure que vos fen\u00eatres en plastique, en bois ou en aluminium sont install\u00e9es avec pr\u00e9cision et soin. Nous accordons une attention m\u00e9ticuleuse aux d\u00e9tails pour garantir un ajustement sans couture et des performances optimales. Gr\u00e2ce \u00e0 nos services d&#8217;installation professionnels, vous pouvez \u00eatre s\u00fbr que vos fen\u00eatres seront magnifiques et fonctionneront parfaitement pour les ann\u00e9es \u00e0 venir.<\/p>\n<h6>Assurance qualit\u00e9:<\/h6>\n<p>Chez <strong>KastGlass<\/strong>, la qualit\u00e9 est notre priorit\u00e9 absolue. Nous collaborons avec des fabricants r\u00e9put\u00e9s et n&#8217;utilisons que des mat\u00e9riaux de premier ordre, garantissant que chaque fen\u00eatre que nous fournissons r\u00e9pond aux normes les plus \u00e9lev\u00e9es de l&#8217;industrie. Notre engagement envers la qualit\u00e9 s&#8217;\u00e9tend \u00e0 notre travail, garantissant votre enti\u00e8re satisfaction avec nos services.<\/p>\n<h6>Des prix comp\u00e9titifs:<\/h6>\n<p>Nous pensons que les services de fen\u00eatres d&#8217;exception doivent \u00eatre accessibles \u00e0 tous. C&#8217;est pourquoi nous offrons des prix comp\u00e9titifs sans compromis sur la qualit\u00e9. Notre tarification transparente et notre politique d&#8217;absence de co\u00fbts cach\u00e9s garantissent que vous recevez la meilleure valeur pour votre investissement.<\/p>\n<h6>Satisfaction client garantie :<\/h6>\n<p>Votre satisfaction est primordiale pour nous. De votre demande initiale \u00e0 l&#8217;installation finale, nous nous effor\u00e7ons de fournir un service client exceptionnel. Notre objectif est de surpasser vos attentes dans tous les aspects de nos services de fen\u00eatres, vous laissant ravi de vos nouvelles fen\u00eatres en plastique, en bois ou en aluminium.<\/p>\n<p>Am\u00e9liorez l&#8217;esth\u00e9tique, l&#8217;efficacit\u00e9 \u00e9nerg\u00e9tique et le confort de votre espace gr\u00e2ce \u00e0 nos solutions de fen\u00eatres en plastique, bois et aluminium haut de gamme. Contactez <strong>KastGlass<\/strong> d\u00e8s aujourd&#8217;hui et laissez-nous transformer votre propri\u00e9t\u00e9 avec des fen\u00eatres qui refl\u00e8tent votre style et votre sophistication !<\/p>\n<hr \/>\n<p><strong>TAGS: <span style=\"color: #999999;\">#Glass, #Window, #PlasticWindow, #WoodWindow #AluminumWindow #SwissQuality<\/span><\/strong>[\/vc_column_text][\/vc_column][\/vc_row]<\/p>\n<\/div>","protected":false},"excerpt":{"rendered":"<p>[vc_row][vc_column][vc_column_text] Votre premi\u00e8re destination pour les fen\u00eatres en plastique, en bois et en aluminium\u00a0! Chez KastGlass, nous sommes extr\u00eamement fiers d&#8217;offrir une large gamme de services de fen\u00eatres qui r\u00e9pondent \u00e0 tous vos besoins, des fen\u00eatres en plastique aux fen\u00eatres en bois et en aluminium. En tant que fournisseur de confiance et fiable dans l&#8217;industrie, nous fournissons des produits de qualit\u00e9 sup\u00e9rieure et des services exceptionnels \u00e0 nos pr\u00e9cieux clients depuis 1999. Avec un engagement ind\u00e9fectible envers l&#8217;artisanat, la durabilit\u00e9 et la satisfaction du client, nous avons acquis une r\u00e9putation de choix pr\u00e9f\u00e9r\u00e9. pour toutes vos solutions de fen\u00eatres. Fen\u00eatres en plastique : Nos fen\u00eatres en plastique combinent une esth\u00e9tique moderne avec une fonctionnalit\u00e9 exceptionnelle. Fabriqu\u00e9es \u00e0 partir de mat\u00e9riaux [&hellip;]<\/p>\n","protected":false},"author":1,"featured_media":0,"parent":0,"menu_order":0,"comment_status":"closed","ping_status":"closed","template":"page-templates\/full-width.php","meta":{"footnotes":""},"class_list":["post-9950","page","type-page","status-publish","hentry"],"_links":{"self":[{"href":"https:\/\/kastglass.ch\/fr\/wp-json\/wp\/v2\/pages\/9950","targetHints":{"allow":["GET"]}}],"collection":[{"href":"https:\/\/kastglass.ch\/fr\/wp-json\/wp\/v2\/pages"}],"about":[{"href":"https:\/\/kastglass.ch\/fr\/wp-json\/wp\/v2\/types\/page"}],"author":[{"embeddable":true,"href":"https:\/\/kastglass.ch\/fr\/wp-json\/wp\/v2\/users\/1"}],"replies":[{"embeddable":true,"href":"https:\/\/kastglass.ch\/fr\/wp-json\/wp\/v2\/comments?post=9950"}],"version-history":[{"count":2,"href":"https:\/\/kastglass.ch\/fr\/wp-json\/wp\/v2\/pages\/9950\/revisions"}],"predecessor-version":[{"id":10022,"href":"https:\/\/kastglass.ch\/fr\/wp-json\/wp\/v2\/pages\/9950\/revisions\/10022"}],"wp:attachment":[{"href":"https:\/\/kastglass.ch\/fr\/wp-json\/wp\/v2\/media?parent=9950"}],"curies":[{"name":"wp","href":"https:\/\/api.w.org\/{rel}","templated":true}]}}