{"id":9944,"date":"2017-07-07T21:46:30","date_gmt":"2017-07-07T21:46:30","guid":{"rendered":"https:\/\/kastglass.ch\/?page_id=569"},"modified":"2023-08-11T13:07:48","modified_gmt":"2023-08-11T13:07:48","slug":"a-propos-de-nous","status":"publish","type":"page","link":"https:\/\/kastglass.ch\/fr\/a-propos-de-nous\/","title":{"rendered":"\u00c0 propos de nous"},"content":{"rendered":"<div class=\"wpb-content-wrapper\"><p>[vc_row][vc_column][vc_column_text]<\/p>\n<h4>Bienvenue chez KastGlass &#8211; Votre expert en vitres de fen\u00eatre de confiance.<\/h4>\n<p>Chez <strong>KastGlass<\/strong>, nous sommes extr\u00eamement fiers d&#8217;\u00eatre la destination de choix pour tous vos besoins en verre de fen\u00eatre. En tant qu&#8217;entreprise leader dans le domaine du verre \u00e0 vitres, nous servons nos pr\u00e9cieux clients avec des produits haut de gamme et des services exceptionnels depuis 1999. Avec un engagement envers l&#8217;excellence et une attention in\u00e9branlable \u00e0 la satisfaction de la client\u00e8le, nous avons acquis la r\u00e9putation d&#8217;\u00eatre un partenaire fiable et de confiance. dans l&#8217;industrie.<\/p>\n<blockquote><p>Tout simplement confortable<br \/>\nSimplement le meilleur<\/p><\/blockquote>\n<h6>Savoir-faire in\u00e9gal\u00e9 :<\/h6>\n<p>Avec des ann\u00e9es d&#8217;exp\u00e9rience dans l&#8217;industrie du verre \u00e0 vitre, notre \u00e9quipe de professionnels qualifi\u00e9s poss\u00e8de une richesse de connaissances et d&#8217;expertise. Qu&#8217;il s&#8217;agisse d&#8217;un projet r\u00e9sidentiel ou commercial, nous avons les comp\u00e9tences n\u00e9cessaires pour r\u00e9pondre \u00e0 toutes les exigences en mati\u00e8re de verre de fen\u00eatre avec pr\u00e9cision et efficacit\u00e9. Notre compr\u00e9hension approfondie des derni\u00e8res tendances et technologies nous permet d&#8217;offrir des solutions de pointe qui am\u00e9liorent non seulement l&#8217;attrait esth\u00e9tique de votre propri\u00e9t\u00e9, mais \u00e9galement son efficacit\u00e9 \u00e9nerg\u00e9tique.<\/p>\n<h6>Produits de qualit\u00e9 sup\u00e9rieure\u00a0:<\/h6>\n<p>La qualit\u00e9 est la pierre angulaire de notre entreprise. C&#8217;est pourquoi nous nous approvisionnons en verre aupr\u00e8s de fabricants r\u00e9put\u00e9s, connus pour produire des mat\u00e9riaux durables et performants. Notre vaste s\u00e9lection de vitrages comprend une vari\u00e9t\u00e9 d&#8217;options, allant du verre isolant \u00e9co\u00e9nerg\u00e9tique au verre de s\u00e9curit\u00e9 et de s\u00fbret\u00e9, personnalis\u00e9es pour r\u00e9pondre \u00e0 vos besoins et pr\u00e9f\u00e9rences sp\u00e9cifiques.<\/p>\n<h6>Pose professionnelle :<\/h6>\n<p>Un verre de fen\u00eatre parfait est seulement aussi bon que son installation. Notre \u00e9quipe d&#8217;installation est compos\u00e9e de professionnels chevronn\u00e9s qui connaissent bien les meilleures pratiques de l&#8217;industrie. Ils prennent grand soin de s&#8217;assurer que chaque installation de vitres de fen\u00eatres est effectu\u00e9e avec une attention m\u00e9ticuleuse aux d\u00e9tails, garantissant que vos fen\u00eatres seront non seulement fantastiques, mais fonctionneront \u00e9galement parfaitement pour les ann\u00e9es \u00e0 venir.<\/p>\n<h6>Approche centr\u00e9e sur le client\u00a0:<\/h6>\n<p>Chez <strong>KastGlass<\/strong>, nous pla\u00e7ons nos clients au c\u0153ur de tout ce que nous faisons. D\u00e8s le moment o\u00f9 vous nous contactez, notre personnel amical et comp\u00e9tent vous guidera \u00e0 chaque \u00e9tape du processus. Nous prenons le temps de comprendre vos besoins uniques, vos pr\u00e9f\u00e9rences et vos contraintes budg\u00e9taires, ce qui nous permet de proposer des solutions sur mesure qui correspondent parfaitement \u00e0 votre vision.<\/p>\n<h6>Engag\u00e9 pour la durabilit\u00e9\u00a0:<\/h6>\n<p>Nous croyons en la responsabilit\u00e9 environnementale. C&#8217;est pourquoi nous offrons une gamme d&#8217;options de vitres \u00e9cologiques et \u00e9co\u00e9nerg\u00e9tiques. Ceux-ci contribuent non seulement \u00e0 une plan\u00e8te plus verte, mais vous aident \u00e9galement \u00e0 \u00e9conomiser sur les co\u00fbts \u00e9nerg\u00e9tiques \u00e0 long terme.<\/p>\n<h6>Des prix comp\u00e9titifs:<\/h6>\n<p>Nous comprenons l&#8217;importance des solutions \u00e9conomiques sans compromettre la qualit\u00e9. Notre structure de prix est con\u00e7ue pour \u00eatre comp\u00e9titive, garantissant que vous recevez la meilleure valeur pour votre investissement. Pas de frais cach\u00e9s ni de surprises &#8211; juste des prix transparents et un service exceptionnel.<\/p>\n<h6>Assistance apr\u00e8s-vente\u00a0:<\/h6>\n<p>Notre relation avec vous ne s&#8217;arr\u00eate pas \u00e0 l&#8217;installation. Nous soutenons nos produits et services, en fournissant un support et une maintenance continus pour r\u00e9pondre \u00e0 toute pr\u00e9occupation ou probl\u00e8me pouvant survenir. Votre satisfaction est notre priorit\u00e9 et nous nous engageons \u00e0 \u00e9tablir des partenariats durables avec tous nos pr\u00e9cieux clients.<\/p>\n<p>D\u00e9couvrez la diff\u00e9rence de travailler avec une entreprise de verrerie qui priorise vos besoins, offre des produits de qualit\u00e9 sup\u00e9rieure et vise l&#8217;excellence dans tous les aspects du processus. D\u00e9couvrez la beaut\u00e9, le confort et l&#8217;efficacit\u00e9 que nos solutions de verre de fen\u00eatre haut de gamme apportent \u00e0 votre maison ou votre entreprise. Contactez <strong>KastGlass<\/strong> d\u00e8s aujourd&#8217;hui pour tous vos besoins en verre de fen\u00eatre\u00a0!<\/p>\n<hr \/>\n<p><strong>TAGS: <span style=\"color: #999999;\">#Glass, #Window, #PlasticWindow, #WoodWindow #AluminumWindow #SwissQuality<\/span><\/strong>[\/vc_column_text][\/vc_column][\/vc_row]<\/p>\n<\/div>","protected":false},"excerpt":{"rendered":"<p>[vc_row][vc_column][vc_column_text] Bienvenue chez KastGlass &#8211; Votre expert en vitres de fen\u00eatre de confiance. Chez KastGlass, nous sommes extr\u00eamement fiers d&#8217;\u00eatre la destination de choix pour tous vos besoins en verre de fen\u00eatre. En tant qu&#8217;entreprise leader dans le domaine du verre \u00e0 vitres, nous servons nos pr\u00e9cieux clients avec des produits haut de gamme et des services exceptionnels depuis 1999. Avec un engagement envers l&#8217;excellence et une attention in\u00e9branlable \u00e0 la satisfaction de la client\u00e8le, nous avons acquis la r\u00e9putation d&#8217;\u00eatre un partenaire fiable et de confiance. dans l&#8217;industrie. Tout simplement confortable Simplement le meilleur Savoir-faire in\u00e9gal\u00e9 : Avec des ann\u00e9es d&#8217;exp\u00e9rience dans l&#8217;industrie du verre \u00e0 vitre, notre \u00e9quipe de professionnels qualifi\u00e9s poss\u00e8de une richesse de connaissances et d&#8217;expertise. [&hellip;]<\/p>\n","protected":false},"author":1,"featured_media":0,"parent":0,"menu_order":0,"comment_status":"closed","ping_status":"closed","template":"page-templates\/full-width.php","meta":{"footnotes":""},"class_list":["post-9944","page","type-page","status-publish","hentry"],"_links":{"self":[{"href":"https:\/\/kastglass.ch\/fr\/wp-json\/wp\/v2\/pages\/9944","targetHints":{"allow":["GET"]}}],"collection":[{"href":"https:\/\/kastglass.ch\/fr\/wp-json\/wp\/v2\/pages"}],"about":[{"href":"https:\/\/kastglass.ch\/fr\/wp-json\/wp\/v2\/types\/page"}],"author":[{"embeddable":true,"href":"https:\/\/kastglass.ch\/fr\/wp-json\/wp\/v2\/users\/1"}],"replies":[{"embeddable":true,"href":"https:\/\/kastglass.ch\/fr\/wp-json\/wp\/v2\/comments?post=9944"}],"version-history":[{"count":3,"href":"https:\/\/kastglass.ch\/fr\/wp-json\/wp\/v2\/pages\/9944\/revisions"}],"predecessor-version":[{"id":10025,"href":"https:\/\/kastglass.ch\/fr\/wp-json\/wp\/v2\/pages\/9944\/revisions\/10025"}],"wp:attachment":[{"href":"https:\/\/kastglass.ch\/fr\/wp-json\/wp\/v2\/media?parent=9944"}],"curies":[{"name":"wp","href":"https:\/\/api.w.org\/{rel}","templated":true}]}}