{"id":25,"date":"2017-05-17T20:05:52","date_gmt":"2017-05-17T20:05:52","guid":{"rendered":"https:\/\/kastglass.ch\/fr\/?page_id=25"},"modified":"2023-08-11T13:30:41","modified_gmt":"2023-08-11T13:30:41","slug":"contact","status":"publish","type":"page","link":"https:\/\/kastglass.ch\/fr\/contact\/","title":{"rendered":"Contact"},"content":{"rendered":"<div class=\"wpb-content-wrapper\"><p>[vc_section full_width=&#8221;stretch_row&#8221;][vc_row content_placement=&#8221;top&#8221;][vc_column text_align=&#8221;center-sm-ms&#8221; offset=&#8221;vc_col-lg-4 vc_col-md-6&#8243;]<div class=\"ltx-content-width col-align-left\" id=\"like_sc_content_width_1276831014\" style=\"max-width: 370px\"><div class=\"ltx-wrapper\"><div class=\"heading  header-subheader align-left color-black transform-default theme-icon-second icon-type-hidden   vc_custom_1691760102670 heading-tag-h3\" id=\"like_sc_header_569242049\"><h3 class=\"header ltx-sr-id-like_sc_header_5692420491105979081 ltx-sr ltx-sr-effect-fade_in ltx-sr-el-block ltx-sr-delay-0 ltx-sr-duration-1000 ltx-sr-sequences-0\">Bureau Central<\/h3><\/div>[vc_column_text]Contactez-nous par t\u00e9l\u00e9phone ou par e-mail et faites-nous savoir comment nous pouvons vous aider \u00e0 am\u00e9liorer la beaut\u00e9, le confort et l&#8217;efficacit\u00e9 \u00e9nerg\u00e9tique de votre propri\u00e9t\u00e9 gr\u00e2ce \u00e0 nos fen\u00eatres de qualit\u00e9 sup\u00e9rieure.[\/vc_column_text]<div class=\"align-center \"><ul class=\"social-icons-list   vc_custom_1690676509503 icon-weight-bold\" id=\"like_sc_header_446665175\"><li class=\" \"><span class=\"\"><\/span><span class=\"head\">079 132 11 11<\/span><\/li><li class=\" \"><a href=\"#\"><span class=\"\"><\/span><span class=\"head\">info@kastglass.ch<\/span><\/a><\/li><li class=\" \"><span class=\"\"><\/span><span class=\"head\">Rte. Principale 3, 1791 Courtaman<\/span><\/li><\/ul><\/div><div class=\"align-center \"><ul class=\"social-big icon-weight-bold\" id=\"like_sc_header_513648726\"><li><a href=\"#\" class=\"ltx-social-color fa fa-facebook\"><\/a><\/li><li><a href=\"#\" class=\"ltx-social-color fa fa-twitter\"><\/a><\/li><li><a href=\"#\" class=\"ltx-social-color fa fa-youtube\"><\/a><\/li><li><a href=\"#\" class=\"ltx-social-color fa fa-instagram\"><\/a><\/li><\/ul><\/div><\/div><\/div>[\/vc_column][vc_column text_align=&#8221;center-sm-ms&#8221; offset=&#8221;vc_col-lg-3 vc_col-md-6&#8243;]<div class=\"es-resp\">\t<div class=\"visible-xl\" style=\"height: 0px;\"><\/div>\t<div class=\"hidden-xl hidden-md hidden-sm hidden-ms hidden-xs\" style=\"height: 0px;\"><\/div>\t<div class=\"visible-md\" style=\"height: 0px;\"><\/div>\t<div class=\"visible-sm \" style=\"height: 48px;\"><\/div>\t<div class=\"visible-ms\" style=\"height: 48px;\"><\/div>\t<div class=\"visible-xs\" style=\"height: 48px;\"><\/div><\/div><div class=\"heading  header-subheader align-left color-black subcolor-main transform-default theme-icon-second icon-type-hidden   vc_custom_1691760258371 heading-tag-h3\" id=\"like_sc_header_1008985659\"><h3 class=\"header ltx-sr-id-like_sc_header_10089856591142615276 ltx-sr ltx-sr-effect-fade_in ltx-sr-el-block ltx-sr-delay-0 ltx-sr-duration-1000 ltx-sr-sequences-0\">Horaires d'ouvertures<\/h3><\/div>[vc_column_text]<\/p>\n<ul class=\"ltx-hours\">\n<li><strong>Lundi :<\/strong> <strong> 07:00 &#8211; 17:00<\/strong><\/li>\n<li><strong>Mardi :<\/strong> <strong> 07:00 &#8211; 17:00<\/strong><\/li>\n<li><strong>Mercredi :<\/strong> <strong> 07:00 &#8211; 17:00<\/strong><\/li>\n<li><strong>Jeudi :<\/strong> <strong> 07:00 &#8211; 17:00<\/strong><\/li>\n<li><strong>Vendredi :<\/strong> <strong> 07:00 &#8211; 17:00<\/strong><\/li>\n<li><strong>Samedi :<\/strong> <strong> FERM\u00c9<\/strong><\/li>\n<li><strong>Dimanche :<\/strong> <strong> FERM\u00c9<\/strong><\/li>\n<\/ul>\n<p>[\/vc_column_text]<div class=\"es-resp\">\t<div class=\"hidden-xl hidden-md hidden-sm hidden-ms hidden-xs\" style=\"height: 28px;\"><\/div>\t<div class=\"visible-md\" style=\"height: 28px;\"><\/div>\t<div class=\"visible-sm \" style=\"height: 28px;\"><\/div>\t<div class=\"visible-ms\" style=\"height: 28px;\"><\/div>\t<div class=\"visible-xs\" style=\"height: 28px;\"><\/div><\/div>[\/vc_column][vc_column width=&#8221;1\/12&#8243; offset=&#8221;vc_col-lg-1 vc_col-md-12 vc_hidden-md vc_hidden-sm vc_hidden-xs&#8221;][\/vc_column][vc_column width=&#8221;1\/3&#8243; css=&#8221;.vc_custom_1549398563071{margin-top: 0px !important;padding-top: 0px !important;background-position: center !important;background-repeat: no-repeat !important;background-size: cover !important;}&#8221; offset=&#8221;vc_col-lg-4 vc_col-md-6 vc_hidden-md vc_hidden-sm vc_hidden-xs&#8221;][vc_single_image image=&#8221;9808&#8243; img_size=&#8221;full&#8221; alignment=&#8221;center&#8221; style=&#8221;vc_box_rounded&#8221; css=&#8221;.vc_custom_1691505770241{margin-top: 16px !important;margin-bottom: 0px !important;padding-bottom: 0px !important;}&#8221;][\/vc_column][\/vc_row][vc_row][vc_column]<div class=\"es-resp\">\t<div class=\"visible-xl\" style=\"height: 80px;\"><\/div>\t<div class=\"hidden-xl hidden-md hidden-sm hidden-ms hidden-xs\" style=\"height: 80px;\"><\/div>\t<div class=\"visible-md\" style=\"height: 80px;\"><\/div>\t<div class=\"visible-sm \" style=\"height: 80px;\"><\/div>\t<div class=\"visible-ms\" style=\"height: 80px;\"><\/div>\t<div class=\"visible-xs\" style=\"height: 80px;\"><\/div><\/div>[\/vc_column][\/vc_row][vc_row full_width=&#8221;stretch_row&#8221; bg_color_select=&#8221;gray&#8221;][vc_column]<div class=\"ltx-content-width col-align-center\" id=\"like_sc_content_width_463129759\" style=\"max-width: 1050px\"><div class=\"ltx-wrapper\"><div class=\"es-resp\">\t<div class=\"visible-xl\" style=\"height: 48px;\"><\/div>\t<div class=\"hidden-xl hidden-md hidden-sm hidden-ms hidden-xs\" style=\"height: 48px;\"><\/div>\t<div class=\"visible-md\" style=\"height: 48px;\"><\/div>\t<div class=\"visible-sm \" style=\"height: 48px;\"><\/div>\t<div class=\"visible-ms\" style=\"height: 48px;\"><\/div>\t<div class=\"visible-xs\" style=\"height: 48px;\"><\/div><\/div><div class=\"heading  header-subheader align-center color-black subcolor-main transform-default theme-icon-second icon-type-default   vc_custom_1691760292101 heading-tag-h3\" id=\"like_sc_header_1719025021\"><h3 class=\"header ltx-sr-id-like_sc_header_17190250211682426945 ltx-sr ltx-sr-effect-fade_in ltx-sr-el-block ltx-sr-delay-0 ltx-sr-duration-1000 ltx-sr-sequences-0\">Envoyer le message<\/h3><\/div><div class=\"ltx-contact-form-7 transform-default form-center form-gray form-bg-gray form-style-default form-btn-default form-btn-default form-padding-none    vc_custom_1549397374732\" id=\"like_sc_contact_form_7_213447007\">\n<div class=\"wpcf7 no-js\" id=\"wpcf7-f1555-o2\" lang=\"en-US\" dir=\"ltr\" data-wpcf7-id=\"1555\">\n<div class=\"screen-reader-response\"><p role=\"status\" aria-live=\"polite\" aria-atomic=\"true\"><\/p> <ul><\/ul><\/div>\n<form action=\"\/fr\/wp-json\/wp\/v2\/pages\/25#wpcf7-f1555-o2\" method=\"post\" class=\"wpcf7-form init\" aria-label=\"Contact form\" novalidate=\"novalidate\" data-status=\"init\">\n<fieldset class=\"hidden-fields-container\"><input type=\"hidden\" name=\"_wpcf7\" value=\"1555\" \/><input type=\"hidden\" name=\"_wpcf7_version\" value=\"6.1.4\" \/><input type=\"hidden\" name=\"_wpcf7_locale\" value=\"en_US\" \/><input type=\"hidden\" name=\"_wpcf7_unit_tag\" value=\"wpcf7-f1555-o2\" \/><input type=\"hidden\" name=\"_wpcf7_container_post\" value=\"0\" \/><input type=\"hidden\" name=\"_wpcf7_posted_data_hash\" value=\"\" \/>\n<\/fieldset>\n<div class=\"row\">\n\t<div class=\"col-lg-6\">\n\t\t<p><span class=\"wpcf7-form-control-wrap\" data-name=\"field-header\"><input size=\"40\" maxlength=\"400\" class=\"wpcf7-form-control wpcf7-text wpcf7-validates-as-required\" aria-required=\"true\" aria-invalid=\"false\" placeholder=\"Votre nom\" value=\"\" type=\"text\" name=\"field-header\" \/><\/span>\n\t\t<\/p>\n\t<\/div>\n\t<div class=\"col-lg-6\">\n\t\t<p><span class=\"wpcf7-form-control-wrap\" data-name=\"field-header2\"><input size=\"40\" maxlength=\"400\" class=\"wpcf7-form-control wpcf7-text wpcf7-validates-as-required\" aria-required=\"true\" aria-invalid=\"false\" placeholder=\"Votre e-mail\" value=\"\" type=\"text\" name=\"field-header2\" \/><\/span>\n\t\t<\/p>\n\t<\/div>\n<\/div>\n<p><span class=\"wpcf7-form-control-wrap\" data-name=\"field-header-3\"><textarea cols=\"40\" rows=\"10\" maxlength=\"2000\" class=\"wpcf7-form-control wpcf7-textarea\" aria-invalid=\"false\" placeholder=\"Message\" name=\"field-header-3\"><\/textarea><\/span>\n<\/p>\n<p><input class=\"wpcf7-form-control wpcf7-submit has-spinner\" type=\"submit\" value=\"Soumettre\" \/>\n<\/p><div class=\"wpcf7-response-output\" aria-hidden=\"true\"><\/div>\n<\/form>\n<\/div>\n<\/div><div class=\"es-resp\">\t<div class=\"visible-xl\" style=\"height: 128px;\"><\/div>\t<div class=\"hidden-xl hidden-md hidden-sm hidden-ms hidden-xs\" style=\"height: 128px;\"><\/div>\t<div class=\"visible-md\" style=\"height: 128px;\"><\/div>\t<div class=\"visible-sm \" style=\"height: 128px;\"><\/div>\t<div class=\"visible-ms\" style=\"height: 128px;\"><\/div>\t<div class=\"visible-xs\" style=\"height: 128px;\"><\/div><\/div><\/div><\/div>[\/vc_column][\/vc_row][\/vc_section]<\/p>\n<\/div>","protected":false},"excerpt":{"rendered":"<p>[vc_section full_width=&#8221;stretch_row&#8221;][vc_row content_placement=&#8221;top&#8221;][vc_column text_align=&#8221;center-sm-ms&#8221; offset=&#8221;vc_col-lg-4 vc_col-md-6&#8243;][\/vc_column][vc_column text_align=&#8221;center-sm-ms&#8221; offset=&#8221;vc_col-lg-3 vc_col-md-6&#8243;][vc_column_text] Lundi : 07:00 &#8211; 17:00 Mardi : 07:00 &#8211; 17:00 Mercredi : 07:00 &#8211; 17:00 Jeudi : 07:00 &#8211; 17:00 Vendredi : 07:00 &#8211; 17:00 Samedi : FERM\u00c9 Dimanche : FERM\u00c9 [\/vc_column_text][\/vc_column][vc_column width=&#8221;1\/12&#8243; offset=&#8221;vc_col-lg-1 vc_col-md-12 vc_hidden-md vc_hidden-sm vc_hidden-xs&#8221;][\/vc_column][vc_column width=&#8221;1\/3&#8243; css=&#8221;.vc_custom_1549398563071{margin-top: 0px !important;padding-top: 0px !important;background-position: center !important;background-repeat: no-repeat !important;background-size: cover !important;}&#8221; offset=&#8221;vc_col-lg-4 vc_col-md-6 vc_hidden-md vc_hidden-sm vc_hidden-xs&#8221;][vc_single_image image=&#8221;9808&#8243; img_size=&#8221;full&#8221; alignment=&#8221;center&#8221; style=&#8221;vc_box_rounded&#8221; css=&#8221;.vc_custom_1691505770241{margin-top: 16px !important;margin-bottom: 0px !important;padding-bottom: 0px !important;}&#8221;][\/vc_column][\/vc_row][vc_row][vc_column][\/vc_column][\/vc_row][vc_row full_width=&#8221;stretch_row&#8221; bg_color_select=&#8221;gray&#8221;][vc_column][\/vc_column][\/vc_row][\/vc_section]<\/p>\n","protected":false},"author":1,"featured_media":0,"parent":0,"menu_order":0,"comment_status":"closed","ping_status":"closed","template":"page-templates\/full-width.php","meta":{"footnotes":""},"class_list":["post-25","page","type-page","status-publish","hentry"],"_links":{"self":[{"href":"https:\/\/kastglass.ch\/fr\/wp-json\/wp\/v2\/pages\/25","targetHints":{"allow":["GET"]}}],"collection":[{"href":"https:\/\/kastglass.ch\/fr\/wp-json\/wp\/v2\/pages"}],"about":[{"href":"https:\/\/kastglass.ch\/fr\/wp-json\/wp\/v2\/types\/page"}],"author":[{"embeddable":true,"href":"https:\/\/kastglass.ch\/fr\/wp-json\/wp\/v2\/users\/1"}],"replies":[{"embeddable":true,"href":"https:\/\/kastglass.ch\/fr\/wp-json\/wp\/v2\/comments?post=25"}],"version-history":[{"count":8,"href":"https:\/\/kastglass.ch\/fr\/wp-json\/wp\/v2\/pages\/25\/revisions"}],"predecessor-version":[{"id":10029,"href":"https:\/\/kastglass.ch\/fr\/wp-json\/wp\/v2\/pages\/25\/revisions\/10029"}],"wp:attachment":[{"href":"https:\/\/kastglass.ch\/fr\/wp-json\/wp\/v2\/media?parent=25"}],"curies":[{"name":"wp","href":"https:\/\/api.w.org\/{rel}","templated":true}]}}